{"id":3123,"date":"2023-04-13T17:10:38","date_gmt":"2023-04-13T15:10:38","guid":{"rendered":"https:\/\/www.schloss-mespelbrunn.de\/?page_id=3123"},"modified":"2023-05-12T23:59:58","modified_gmt":"2023-05-12T21:59:58","slug":"kontakt","status":"publish","type":"page","link":"https:\/\/www.schloss-mespelbrunn.de\/en\/kontakt\/","title":{"rendered":"Contact"},"content":{"rendered":"<p>[et_pb_section fb_built=&#8220;1&#8243; admin_label=&#8220;hero-sub&#8220; _builder_version=&#8220;4.20.2&#8243; _module_preset=&#8220;default&#8220; background_color=&#8220;#02432A&#8220; background_enable_image=&#8220;off&#8220; parallax=&#8220;on&#8220; custom_margin=&#8220;0px|0px|0px|0px|false|false&#8220; custom_padding=&#8220;0px|0px|0px|0px|false|false&#8220; custom_css_main_element=&#8220;||&#8220; box_shadow_style=&#8220;preset1&#8243; global_module=&#8220;2332&#8243; saved_tabs=&#8220;all&#8220; locked=&#8220;off&#8220; global_colors_info=&#8220;{}&#8220;][et_pb_row _builder_version=&#8220;4.20.2&#8243; _module_preset=&#8220;default&#8220; background_enable_color=&#8220;off&#8220; width=&#8220;100%&#8220; max_width=&#8220;100%&#8220; module_alignment=&#8220;center&#8220; custom_margin=&#8220;|0px||0px|false|false&#8220; custom_padding=&#8220;|0px||0px|false|false&#8220; global_colors_info=&#8220;{}&#8220;][et_pb_column type=&#8220;4_4&#8243; _builder_version=&#8220;4.19.5&#8243; _module_preset=&#8220;default&#8220; global_colors_info=&#8220;{}&#8220;][et_pb_text module_id=&#8220;hero-mespel-sub&#8220; _builder_version=&#8220;4.20.2&#8243; _module_preset=&#8220;default&#8220; text_text_color=&#8220;#EDD5B2&#8243; header_font=&#8220;almendra||||||||&#8220; header_text_align=&#8220;center&#8220; header_text_color=&#8220;#EDD5B2&#8243; custom_margin=&#8220;0px||0px||false|false&#8220; custom_padding=&#8220;0px||0px||false|false&#8220; global_colors_info=&#8220;{}&#8220;]<\/p>\n<h1>Schloss Mespelbrunn<\/h1>\n<p>[\/et_pb_text][et_pb_image src=&#8220;https:\/\/www.schloss-mespelbrunn.de\/wp-content\/uploads\/2023\/03\/wappen_out_out_small.png&#8220; title_text=&#8220;wappen_out_out_small&#8220; align=&#8220;center&#8220; _builder_version=&#8220;4.20.2&#8243; _module_preset=&#8220;default&#8220; module_alignment=&#8220;center&#8220; max_height=&#8220;100px&#8220; global_colors_info=&#8220;{}&#8220;][\/et_pb_image][\/et_pb_column][\/et_pb_row][\/et_pb_section][et_pb_section fb_built=&#8220;1&#8243; module_id=&#8220;pferdestall&#8220; _builder_version=&#8220;4.21.0&#8243; _module_preset=&#8220;default&#8220; background_color=&#8220;#02432A&#8220; background_enable_pattern_style=&#8220;on&#8220; background_pattern_style=&#8220;scallops&#8220; background_pattern_color=&#8220;rgba(0,0,0,0.04)&#8220; module_alignment=&#8220;center&#8220; min_height=&#8220;48vh&#8220; custom_padding=&#8220;1px||66px|||&#8220; bottom_divider_color=&#8220;rgba(255,255,220,0)&#8220; bottom_divider_flip=&#8220;horizontal&#8220; scroll_horizontal_motion=&#8220;0|100|100|100|4|0|-4&#8243; scroll_blur=&#8220;17|25|74|81|10|0|0&#8243; motion_trigger_start=&#8220;top&#8220; hover_enabled=&#8220;0&#8243; global_colors_info=&#8220;{}&#8220; sticky_enabled=&#8220;0&#8243; custom_css_main_element=&#8220;display:flex;||flex-direction:column;&#8220;][et_pb_row _builder_version=&#8220;4.21.0&#8243; _module_preset=&#8220;default&#8220; hover_enabled=&#8220;0&#8243; global_colors_info=&#8220;{}&#8220; sticky_enabled=&#8220;0&#8243;][et_pb_column type=&#8220;4_4&#8243; _builder_version=&#8220;4.17.4&#8243; _module_preset=&#8220;default&#8220; global_colors_info=&#8220;{}&#8220;][dsm_text_divider header=&#8220;Kontakt&#8220; color=&#8220;#EDD5B2&#8243; _builder_version=&#8220;4.20.4&#8243; _module_preset=&#8220;default&#8220; header_text_color=&#8220;#FFFFFF&#8220; header_font_size=&#8220;35px&#8220; global_colors_info=&#8220;{}&#8220;][\/dsm_text_divider][et_pb_text module_id=&#8220;info-text&#8220; _builder_version=&#8220;4.20.4&#8243; _module_preset=&#8220;default&#8220; text_text_color=&#8220;#FFFFFF&#8220; global_colors_info=&#8220;{}&#8220;]F\u00fcr Fragen, Anregungen oder Buchungsanfragen stehen wir Ihnen gerne zur Verf\u00fcgung.<br \/>\nBitte senden Sie uns eine E-Mail an<\/p>\n<p><a href=\"mailto:ingel-mail@t-online.dee\" target=\"_new\" rel=\"noopener\">ingel-mail@t-online.de<\/a><\/p>\n<p>und wir werden uns so schnell wie m\u00f6glich bei Ihnen melden.[\/et_pb_text][et_pb_code _builder_version=&#8220;4.20.2&#8243; _module_preset=&#8220;default&#8220; global_colors_info=&#8220;{}&#8220;][\/et_pb_code][\/et_pb_column][\/et_pb_row][\/et_pb_section]<\/p>\n","protected":false},"excerpt":{"rendered":"<p>Schloss Mespelbrunn<div class=\"et_pb_module dsm_text_divider dsm_text_divider_0\">\n\t\t\t\t\n\t\t\t\t\n\t\t\t\t\n\t\t\t\t\n\t\t\t\t\n\t\t\t\t\n\t\t\t\t<div class=\"et_pb_module_inner\">\n\t\t\t\t\t<div class=\"dsm-text-divider-wrapper dsm-text-divider-align-center et_pb_bg_layout_light\">\n\t\t\t\t\n\t\t\t\t\n\t\t\t\t<div class=\"dsm-text-divider-before dsm-divider\"><\/div>\n\t\t\t\t<h3 class=\"dsm-text-divider-header et_pb_module_header\"><span>Contact<\/span><\/h3>\n\t\t\t\t<div class=\"dsm-text-divider-after dsm-divider\"><\/div>\n\t\t\t<\/div>\n\t\t\t\t<\/div>\n\t\t\t<\/div>F\u00fcr Fragen, Anregungen oder Buchungsanfragen stehen wir Ihnen gerne zur Verf\u00fcgung. Bitte senden Sie uns eine E-Mail an ingel-mail@t-online.de und wir werden uns so schnell wie m\u00f6glich bei Ihnen melden.<\/p>","protected":false},"author":1,"featured_media":0,"parent":0,"menu_order":0,"comment_status":"closed","ping_status":"closed","template":"","meta":{"_et_pb_use_builder":"on","_et_pb_old_content":"","_et_gb_content_width":"","footnotes":""},"class_list":["post-3123","page","type-page","status-publish","hentry"],"_links":{"self":[{"href":"https:\/\/www.schloss-mespelbrunn.de\/en\/wp-json\/wp\/v2\/pages\/3123","targetHints":{"allow":["GET"]}}],"collection":[{"href":"https:\/\/www.schloss-mespelbrunn.de\/en\/wp-json\/wp\/v2\/pages"}],"about":[{"href":"https:\/\/www.schloss-mespelbrunn.de\/en\/wp-json\/wp\/v2\/types\/page"}],"author":[{"embeddable":true,"href":"https:\/\/www.schloss-mespelbrunn.de\/en\/wp-json\/wp\/v2\/users\/1"}],"replies":[{"embeddable":true,"href":"https:\/\/www.schloss-mespelbrunn.de\/en\/wp-json\/wp\/v2\/comments?post=3123"}],"version-history":[{"count":3,"href":"https:\/\/www.schloss-mespelbrunn.de\/en\/wp-json\/wp\/v2\/pages\/3123\/revisions"}],"predecessor-version":[{"id":3139,"href":"https:\/\/www.schloss-mespelbrunn.de\/en\/wp-json\/wp\/v2\/pages\/3123\/revisions\/3139"}],"wp:attachment":[{"href":"https:\/\/www.schloss-mespelbrunn.de\/en\/wp-json\/wp\/v2\/media?parent=3123"}],"curies":[{"name":"wp","href":"https:\/\/api.w.org\/{rel}","templated":true}]}}