{"id":2768,"date":"2023-03-13T20:28:39","date_gmt":"2023-03-13T19:28:39","guid":{"rendered":"http:\/\/dev.schlossmespelbrunn.de\/?page_id=2768"},"modified":"2023-05-11T09:23:55","modified_gmt":"2023-05-11T07:23:55","slug":"gastronomie","status":"publish","type":"page","link":"https:\/\/www.schloss-mespelbrunn.de\/en\/gastronomie\/","title":{"rendered":"Gastronomy"},"content":{"rendered":"<p>[et_pb_section fb_built=&#8220;1&#8243; admin_label=&#8220;hero-sub&#8220; _builder_version=&#8220;4.20.2&#8243; _module_preset=&#8220;default&#8220; background_color=&#8220;#02432A&#8220; background_enable_image=&#8220;off&#8220; parallax=&#8220;on&#8220; custom_margin=&#8220;0px|0px|0px|0px|false|false&#8220; custom_padding=&#8220;0px|0px|0px|0px|false|false&#8220; custom_css_main_element=&#8220;||&#8220; box_shadow_style=&#8220;preset1&#8243; global_module=&#8220;2332&#8243; saved_tabs=&#8220;all&#8220; locked=&#8220;off&#8220; global_colors_info=&#8220;{}&#8220;][et_pb_row _builder_version=&#8220;4.20.2&#8243; _module_preset=&#8220;default&#8220; background_enable_color=&#8220;off&#8220; width=&#8220;100%&#8220; max_width=&#8220;100%&#8220; module_alignment=&#8220;center&#8220; custom_margin=&#8220;|0px||0px|false|false&#8220; custom_padding=&#8220;|0px||0px|false|false&#8220; global_colors_info=&#8220;{}&#8220;][et_pb_column type=&#8220;4_4&#8243; _builder_version=&#8220;4.19.5&#8243; _module_preset=&#8220;default&#8220; global_colors_info=&#8220;{}&#8220;][et_pb_text module_id=&#8220;hero-mespel-sub&#8220; _builder_version=&#8220;4.20.2&#8243; _module_preset=&#8220;default&#8220; text_text_color=&#8220;#EDD5B2&#8243; header_font=&#8220;almendra||||||||&#8220; header_text_align=&#8220;center&#8220; header_text_color=&#8220;#EDD5B2&#8243; custom_margin=&#8220;0px||0px||false|false&#8220; custom_padding=&#8220;0px||0px||false|false&#8220; global_colors_info=&#8220;{}&#8220;]<\/p>\n<h1>Schloss Mespelbrunn<\/h1>\n<p>[\/et_pb_text][et_pb_image src=&#8220;https:\/\/www.schloss-mespelbrunn.de\/wp-content\/uploads\/2023\/03\/wappen_out_out_small.png&#8220; title_text=&#8220;wappen_out_out_small&#8220; align=&#8220;center&#8220; _builder_version=&#8220;4.20.2&#8243; _module_preset=&#8220;default&#8220; module_alignment=&#8220;center&#8220; max_height=&#8220;100px&#8220; global_colors_info=&#8220;{}&#8220;][\/et_pb_image][\/et_pb_column][\/et_pb_row][\/et_pb_section][et_pb_section fb_built=&#8220;1&#8243; module_id=&#8220;pferdestall&#8220; _builder_version=&#8220;4.20.2&#8243; _module_preset=&#8220;default&#8220; background_color=&#8220;#02432A&#8220; background_enable_pattern_style=&#8220;on&#8220; background_pattern_style=&#8220;scallops&#8220; background_pattern_color=&#8220;rgba(0,0,0,0.08)&#8220; module_alignment=&#8220;center&#8220; min_height=&#8220;309.7px&#8220; custom_padding=&#8220;1px||66px|||&#8220; bottom_divider_color=&#8220;rgba(255,255,220,0)&#8220; bottom_divider_flip=&#8220;horizontal&#8220; scroll_horizontal_motion=&#8220;0|100|100|100|4|0|-4&#8243; scroll_blur=&#8220;17|25|74|81|10|0|0&#8243; motion_trigger_start=&#8220;top&#8220; global_colors_info=&#8220;{}&#8220;][et_pb_row _builder_version=&#8220;4.17.4&#8243; _module_preset=&#8220;default&#8220; global_colors_info=&#8220;{}&#8220;][et_pb_column type=&#8220;4_4&#8243; _builder_version=&#8220;4.17.4&#8243; _module_preset=&#8220;default&#8220; global_colors_info=&#8220;{}&#8220;][dsm_text_divider header=&#8220;Gastronomie&#8220; color=&#8220;#EDD5B2&#8243; _builder_version=&#8220;4.20.2&#8243; _module_preset=&#8220;default&#8220; header_text_color=&#8220;#FFFFFF&#8220; header_font_size=&#8220;35px&#8220; global_colors_info=&#8220;{}&#8220;][\/dsm_text_divider][et_pb_image src=&#8220;https:\/\/www.schloss-mespelbrunn.de\/wp-content\/uploads\/2023\/01\/pferdestall-cafe-schloss.jpg&#8220; title_text=&#8220;pferdestall-cafe-schloss&#8220; url=&#8220;https:\/\/goo.gl\/maps\/gHgs1AyAdfQoBYkY9&#8243; url_new_window=&#8220;on&#8220; align=&#8220;center&#8220; _builder_version=&#8220;4.20.4&#8243; _module_preset=&#8220;default&#8220; border_width_all=&#8220;4px&#8220; border_color_all=&#8220;#FFFFFF&#8220; global_colors_info=&#8220;{}&#8220;][\/et_pb_image][et_pb_text module_id=&#8220;info-text&#8220; _builder_version=&#8220;4.20.2&#8243; _module_preset=&#8220;default&#8220; text_text_color=&#8220;#FFFFFF&#8220; header_2_text_color=&#8220;#EDD5B2&#8243; locked=&#8220;off&#8220; global_colors_info=&#8220;{}&#8220;]<\/p>\n<h2>Caf\u00e9 am Wasserschloss Mespelbrunn<\/h2>\n<p>Das Caf\u00e9 auf dem Hof ist ausschliesslich f\u00fcr die Besucher des Wasserschlosses ge\u00f6ffnet und kann nur \u00fcber den Haupteingang und mit einer g\u00fcltigen Eintrittskarte erreicht werden.<br \/>Innen finden 45 Personen Platz, auf der Terasse k\u00f6nnen je nach Bestuhlung 60-100 G\u00e4ste Platz nehmen.<br \/>Im Caf\u00e9\u00a0erwartet Sie nicht nur die sch\u00f6ne Aussicht auf das wundersch\u00f6ne Wasserschloss!<br \/>Unser Gastronom wartet mit Kaffee- und Teespezialit\u00e4ten, Erfrischungsgetr\u00e4nken, hausgebackenen Kuchen und Torten sowie einer kleinen aber feinen Speisenauswahl auf.<br \/>Die ber\u00fchmte Wildschweinbratwurst vereint alles, was Sie von einer guten Bratwurst erwarten, nur eben von Tieren, die keine Massenhaltung kannten.<br \/>Im Caf\u00e9 k\u00f6nnen Sie es sich spontan gem\u00fctlich machen, oder sich vorab ank\u00fcndigen. Letzteres erleichtert sowohl die Einsatz- als auch die Vorratsplanung.<br \/>\u00dcber unsere Emailadresse k\u00f6nnen Sie hierzu Kontakt mit uns aufnehmen- wir leiten gerne alles an unseren P\u00e4chter weiter.<\/p>\n<p>[\/et_pb_text][\/et_pb_column][\/et_pb_row][\/et_pb_section]<\/p>\n","protected":false},"excerpt":{"rendered":"<p>Schloss Mespelbrunn<div class=\"et_pb_module dsm_text_divider dsm_text_divider_0\">\n\t\t\t\t\n\t\t\t\t\n\t\t\t\t\n\t\t\t\t\n\t\t\t\t\n\t\t\t\t\n\t\t\t\t<div class=\"et_pb_module_inner\">\n\t\t\t\t\t<div class=\"dsm-text-divider-wrapper dsm-text-divider-align-center et_pb_bg_layout_light\">\n\t\t\t\t\n\t\t\t\t\n\t\t\t\t<div class=\"dsm-text-divider-before dsm-divider\"><\/div>\n\t\t\t\t<h3 class=\"dsm-text-divider-header et_pb_module_header\"><span>Gastronomie<\/span><\/h3>\n\t\t\t\t<div class=\"dsm-text-divider-after dsm-divider\"><\/div>\n\t\t\t<\/div>\n\t\t\t\t<\/div>\n\t\t\t<\/div>Caf\u00e9 am Wasserschloss Mespelbrunn Das Caf\u00e9 auf dem Hof ist ausschliesslich f\u00fcr die Besucher des Wasserschlosses ge\u00f6ffnet und kann nur \u00fcber den Haupteingang und mit einer g\u00fcltigen Eintrittskarte erreicht werden.Innen finden 45 Personen Platz, auf der Terasse k\u00f6nnen je nach Bestuhlung 60-100 G\u00e4ste Platz nehmen.Im Caf\u00e9\u00a0erwartet Sie [&hellip;]<\/p>\n","protected":false},"author":1,"featured_media":0,"parent":0,"menu_order":0,"comment_status":"closed","ping_status":"closed","template":"","meta":{"_et_pb_use_builder":"on","_et_pb_old_content":"","_et_gb_content_width":"","footnotes":""},"class_list":["post-2768","page","type-page","status-publish","hentry"],"_links":{"self":[{"href":"https:\/\/www.schloss-mespelbrunn.de\/en\/wp-json\/wp\/v2\/pages\/2768","targetHints":{"allow":["GET"]}}],"collection":[{"href":"https:\/\/www.schloss-mespelbrunn.de\/en\/wp-json\/wp\/v2\/pages"}],"about":[{"href":"https:\/\/www.schloss-mespelbrunn.de\/en\/wp-json\/wp\/v2\/types\/page"}],"author":[{"embeddable":true,"href":"https:\/\/www.schloss-mespelbrunn.de\/en\/wp-json\/wp\/v2\/users\/1"}],"replies":[{"embeddable":true,"href":"https:\/\/www.schloss-mespelbrunn.de\/en\/wp-json\/wp\/v2\/comments?post=2768"}],"version-history":[{"count":25,"href":"https:\/\/www.schloss-mespelbrunn.de\/en\/wp-json\/wp\/v2\/pages\/2768\/revisions"}],"predecessor-version":[{"id":3138,"href":"https:\/\/www.schloss-mespelbrunn.de\/en\/wp-json\/wp\/v2\/pages\/2768\/revisions\/3138"}],"wp:attachment":[{"href":"https:\/\/www.schloss-mespelbrunn.de\/en\/wp-json\/wp\/v2\/media?parent=2768"}],"curies":[{"name":"wp","href":"https:\/\/api.w.org\/{rel}","templated":true}]}}