{"id":2761,"date":"2023-03-13T20:20:52","date_gmt":"2023-03-13T19:20:52","guid":{"rendered":"http:\/\/dev.schlossmespelbrunn.de\/?page_id=2761"},"modified":"2023-08-20T15:30:01","modified_gmt":"2023-08-20T13:30:01","slug":"traumurlaub","status":"publish","type":"page","link":"https:\/\/www.schloss-mespelbrunn.de\/en\/traumurlaub\/","title":{"rendered":"Vacation"},"content":{"rendered":"<p>[et_pb_section fb_built=&#8220;1&#8243; admin_label=&#8220;hero-sub&#8220; _builder_version=&#8220;4.20.2&#8243; _module_preset=&#8220;default&#8220; background_color=&#8220;#02432A&#8220; background_enable_image=&#8220;off&#8220; parallax=&#8220;on&#8220; custom_margin=&#8220;0px|0px|0px|0px|false|false&#8220; custom_padding=&#8220;0px|0px|0px|0px|false|false&#8220; custom_css_main_element=&#8220;||&#8220; box_shadow_style=&#8220;preset1&#8243; global_module=&#8220;2332&#8243; saved_tabs=&#8220;all&#8220; locked=&#8220;off&#8220; global_colors_info=&#8220;{}&#8220;][et_pb_row _builder_version=&#8220;4.20.2&#8243; _module_preset=&#8220;default&#8220; background_enable_color=&#8220;off&#8220; width=&#8220;100%&#8220; max_width=&#8220;100%&#8220; module_alignment=&#8220;center&#8220; custom_margin=&#8220;|0px||0px|false|false&#8220; custom_padding=&#8220;|0px||0px|false|false&#8220; global_colors_info=&#8220;{}&#8220;][et_pb_column type=&#8220;4_4&#8243; _builder_version=&#8220;4.19.5&#8243; _module_preset=&#8220;default&#8220; global_colors_info=&#8220;{}&#8220;][et_pb_text module_id=&#8220;hero-mespel-sub&#8220; _builder_version=&#8220;4.20.2&#8243; _module_preset=&#8220;default&#8220; text_text_color=&#8220;#EDD5B2&#8243; header_font=&#8220;almendra||||||||&#8220; header_text_align=&#8220;center&#8220; header_text_color=&#8220;#EDD5B2&#8243; custom_margin=&#8220;0px||0px||false|false&#8220; custom_padding=&#8220;0px||0px||false|false&#8220; global_colors_info=&#8220;{}&#8220;]<\/p>\n<h1>Schloss Mespelbrunn<\/h1>\n<p>[\/et_pb_text][et_pb_image src=&#8220;https:\/\/www.schloss-mespelbrunn.de\/wp-content\/uploads\/2023\/03\/wappen_out_out_small.png&#8220; title_text=&#8220;wappen_out_out_small&#8220; align=&#8220;center&#8220; _builder_version=&#8220;4.20.2&#8243; _module_preset=&#8220;default&#8220; module_alignment=&#8220;center&#8220; max_height=&#8220;100px&#8220; global_colors_info=&#8220;{}&#8220;][\/et_pb_image][\/et_pb_column][\/et_pb_row][\/et_pb_section][et_pb_section fb_built=&#8220;1&#8243; admin_label=&#8220;Traumurlaub&#8220; module_id=&#8220;urlaub&#8220; _builder_version=&#8220;4.20.2&#8243; _module_preset=&#8220;default&#8220; background_color=&#8220;#02432A&#8220; background_enable_pattern_style=&#8220;on&#8220; background_pattern_style=&#8220;scallops&#8220; background_pattern_color=&#8220;rgba(0,0,0,0.04)&#8220; module_alignment=&#8220;center&#8220; top_divider_color=&#8220;#EDD5B2&#8243; top_divider_height=&#8220;50px&#8220; bottom_divider_color=&#8220;rgba(255,255,220,0)&#8220; bottom_divider_flip=&#8220;horizontal&#8220; scroll_horizontal_motion=&#8220;0|100|100|100|4|0|-4&#8243; scroll_blur=&#8220;17|25|74|81|10|0|0&#8243; motion_trigger_start=&#8220;top&#8220; box_shadow_style=&#8220;preset6&#8243; global_colors_info=&#8220;{}&#8220;][et_pb_row _builder_version=&#8220;4.20.2&#8243; _module_preset=&#8220;default&#8220; global_colors_info=&#8220;{}&#8220;][et_pb_column type=&#8220;4_4&#8243; _builder_version=&#8220;4.17.4&#8243; _module_preset=&#8220;default&#8220; global_colors_info=&#8220;{}&#8220;][dsm_text_divider header=&#8220;Traumurlaub&#8220; color=&#8220;#EDD5B2&#8243; _builder_version=&#8220;4.20.0&#8243; _module_preset=&#8220;default&#8220; header_text_color=&#8220;#FFFFFF&#8220; header_font_size=&#8220;35px&#8220; custom_margin=&#8220;||50px|||&#8220; global_colors_info=&#8220;{}&#8220;][\/dsm_text_divider][et_pb_gallery gallery_ids=&#8220;3159,3158,3157,3156,3151,3150,3149,3155,3152,3154,3153&#8243; fullwidth=&#8220;on&#8220; _builder_version=&#8220;4.21.0&#8243; _module_preset=&#8220;default&#8220; border_width_all=&#8220;4px&#8220; border_color_all=&#8220;#FFFFFF&#8220; global_colors_info=&#8220;{}&#8220;][\/et_pb_gallery][et_pb_text module_id=&#8220;info-text&#8220; _builder_version=&#8220;4.20.2&#8243; _module_preset=&#8220;default&#8220; text_text_color=&#8220;#FFFFFF&#8220; header_2_text_color=&#8220;#EDD5B2&#8243; global_colors_info=&#8220;{}&#8220;]<\/p>\n<h2><strong>Einmal mit Blick auf Turm und Weiher aufwachen!<\/strong><\/h2>\n<p>In herrlicher Umgebung, abgeschieden von den Wirren des Alltags in einer Jahrhunderte alten M\u00fchle Ferien machen.<br \/>Das historische Geb\u00e4ude am See, mit Blick auf Schloss und Parkgel\u00e4nde, ist liebevoll restauriert und komfortabel ausgestattet. Auf der sichtgesch\u00fctzten, romantischen Terrasse l\u00e4sst es sich wunderbar entspannen.<br \/>Im Schatten der alten B\u00e4ume lassen sie, wenn der Hof f\u00fcr die Besucher geschlossen ist, den Tag ausklingen.<br \/>Auch ein kleiner Abstecher zu bestem Kaffee und hauseigenen Kuchenspezialit\u00e4ten, vis \u00e0 vis, ins \u201eCaf\u00e9 Pferdestall\u201c lohnt sich immer. Der Spessart mit seinem ber\u00fchmten uralten Eichen- und Buchenbestand l\u00e4dt zu unz\u00e4hligen Wanderungen ein.<br \/>Auf dem Kulturpfad gibt es viele Entdeckungen f\u00fcr Gro\u00df und Klein zu machen!<br \/>Auch die n\u00e4here Umgebung des fr\u00e4nkischen Untermains mit Ihren historischen Altst\u00e4dten lockt zu vielen Sehensw\u00fcrdigkeiten und den sommerlichen Festen und M\u00e4rkten.<br \/>Wenn Sie nicht selbst kochen wollen, k\u00f6nnen Sie in der n\u00e4heren Umgebung exzellente K\u00fcche genie\u00dfen.<\/p>\n<p>[\/et_pb_text][\/et_pb_column][\/et_pb_row][et_pb_row column_structure=&#8220;1_2,1_2&#8243; _builder_version=&#8220;4.20.0&#8243; _module_preset=&#8220;default&#8220; global_colors_info=&#8220;{}&#8220;][et_pb_column type=&#8220;1_2&#8243; _builder_version=&#8220;4.17.4&#8243; _module_preset=&#8220;default&#8220; global_colors_info=&#8220;{}&#8220;][dsm_text_divider header=&#8220;Preise&#8220; color=&#8220;#EDD5B2&#8243; _builder_version=&#8220;4.17.4&#8243; _module_preset=&#8220;default&#8220; header_text_color=&#8220;#FFFFFF&#8220; global_colors_info=&#8220;{}&#8220;][\/dsm_text_divider][et_pb_text module_id=&#8220;info-text&#8220; _builder_version=&#8220;4.21.0&#8243; _module_preset=&#8220;default&#8220; text_text_color=&#8220;#FFFFFF&#8220; hover_enabled=&#8220;0&#8243; global_colors_info=&#8220;{}&#8220; sticky_enabled=&#8220;0&#8243;]<\/p>\n<p><strong>\u00dcbernachtung M\u00fchlenhaus:<\/strong><br \/><strong>88\u20ac <\/strong>pro Nacht nur Untergeschoss (ohne Handt\u00fccher)<br \/>f\u00fcr 2 Personen <strong>126,50\u20ac <\/strong>bis 4 Personen <b>15\u20ac\u00a0<\/b>Bettw\u00e4sche-Service inkl. Handtuch<br \/>inkl. Brennholz<br \/>Buchung nur f\u00fcr\u00a0<strong>2 bis 4 -Personen ab 3 N\u00e4chten.<\/strong><br \/>L\u00e4ngere Aufenthalte auf Anfrage<\/p>\n<p>[\/et_pb_text][\/et_pb_column][et_pb_column type=&#8220;1_2&#8243; _builder_version=&#8220;4.17.4&#8243; _module_preset=&#8220;default&#8220; global_colors_info=&#8220;{}&#8220;][dsm_text_divider header=&#8220;Ausstattung&#8220; color=&#8220;#EDD5B2&#8243; _builder_version=&#8220;4.17.4&#8243; _module_preset=&#8220;default&#8220; header_text_color=&#8220;#FFFFFF&#8220; global_colors_info=&#8220;{}&#8220;][\/dsm_text_divider][et_pb_text module_id=&#8220;info-text&#8220; _builder_version=&#8220;4.17.4&#8243; _module_preset=&#8220;default&#8220; text_text_color=&#8220;#FFFFFF&#8220; global_colors_info=&#8220;{}&#8220;]<\/p>\n<p style=\"text-align: justify;\">Im EG befinden sich Schlafzimmer mit angeschlossenem Wannenbad, K\u00fcche und Esszimmer, G\u00e4steWC, Wohnzimmer mit Kachelofen, TV und Stereoanlage. Eine schmale Treppe f\u00fchrt hinauf unter das lichte Dach, wo sich 2 einzelne Betten mit Waschbereich befinden. In der K\u00fcche wird mit Gas gekocht. Zur Ausstattung geh\u00f6ren neben dem Herd, eine Kaffeemaschine, Ofen, Mikrowelle, Wasserkocher und Sp\u00fclmaschine.<\/p>\n<p>[\/et_pb_text][\/et_pb_column][\/et_pb_row][et_pb_row _builder_version=&#8220;4.20.0&#8243; _module_preset=&#8220;default&#8220; global_colors_info=&#8220;{}&#8220;][et_pb_column type=&#8220;4_4&#8243; _builder_version=&#8220;4.17.4&#8243; _module_preset=&#8220;default&#8220; global_colors_info=&#8220;{}&#8220;][dsm_text_divider header=&#8220;Hinweis&#8220; color=&#8220;#EDD5B2&#8243; _builder_version=&#8220;4.17.4&#8243; _module_preset=&#8220;default&#8220; header_text_color=&#8220;#FFFFFF&#8220; global_colors_info=&#8220;{}&#8220;][\/dsm_text_divider][et_pb_text module_id=&#8220;info-text&#8220; _builder_version=&#8220;4.17.4&#8243; _module_preset=&#8220;default&#8220; text_text_color=&#8220;#FFFFFF&#8220; global_colors_info=&#8220;{}&#8220;]<\/p>\n<p style=\"text-align: justify;\"><span>Wegen seiner unmittelbaren N\u00e4he zum Schlossteich ist das M\u00fchlenhaus nicht f\u00fcr Kinder unter 5 Jahren geeignet. Das M\u00fchlenhaus ist wegen seiner Treppen leider nicht behindertengerecht. Unsere Matratzen haben alle bei Stiftung Warentest mit &#8222;sehr gut&#8220; abgeschnitten. Die Federbetten sorgen f\u00fcr wunderbaren Schlaf. Badehandt\u00fccher bitten wir mitzubringen. In der Miete ist eine Schlossf\u00fchrung inklusive. Die M\u00fchle hat keinen eigenen Telefon\/Internetanschluss.<\/span><\/p>\n<p>[\/et_pb_text][\/et_pb_column][\/et_pb_row][\/et_pb_section]<\/p>\n","protected":false},"excerpt":{"rendered":"<p>Schloss Mespelbrunn<div class=\"et_pb_module dsm_text_divider dsm_text_divider_0\">\n\t\t\t\t\n\t\t\t\t\n\t\t\t\t\n\t\t\t\t\n\t\t\t\t\n\t\t\t\t\n\t\t\t\t<div class=\"et_pb_module_inner\">\n\t\t\t\t\t<div class=\"dsm-text-divider-wrapper dsm-text-divider-align-center et_pb_bg_layout_light\">\n\t\t\t\t\n\t\t\t\t\n\t\t\t\t<div class=\"dsm-text-divider-before dsm-divider\"><\/div>\n\t\t\t\t<h3 class=\"dsm-text-divider-header et_pb_module_header\"><span>Traumurlaub<\/span><\/h3>\n\t\t\t\t<div class=\"dsm-text-divider-after dsm-divider\"><\/div>\n\t\t\t<\/div>\n\t\t\t\t<\/div>\n\t\t\t<\/div>Einmal mit Blick auf Turm und Weiher aufwachen! In herrlicher Umgebung, abgeschieden von den Wirren des Alltags in einer Jahrhunderte alten M\u00fchle Ferien machen.Das historische Geb\u00e4ude am See, mit Blick auf Schloss und Parkgel\u00e4nde, ist liebevoll restauriert und komfortabel ausgestattet. Auf der sichtgesch\u00fctzten, romantischen Terrasse l\u00e4sst [&hellip;]<\/p>\n","protected":false},"author":1,"featured_media":0,"parent":0,"menu_order":0,"comment_status":"closed","ping_status":"closed","template":"","meta":{"_et_pb_use_builder":"on","_et_pb_old_content":"","_et_gb_content_width":"","footnotes":""},"class_list":["post-2761","page","type-page","status-publish","hentry"],"_links":{"self":[{"href":"https:\/\/www.schloss-mespelbrunn.de\/en\/wp-json\/wp\/v2\/pages\/2761","targetHints":{"allow":["GET"]}}],"collection":[{"href":"https:\/\/www.schloss-mespelbrunn.de\/en\/wp-json\/wp\/v2\/pages"}],"about":[{"href":"https:\/\/www.schloss-mespelbrunn.de\/en\/wp-json\/wp\/v2\/types\/page"}],"author":[{"embeddable":true,"href":"https:\/\/www.schloss-mespelbrunn.de\/en\/wp-json\/wp\/v2\/users\/1"}],"replies":[{"embeddable":true,"href":"https:\/\/www.schloss-mespelbrunn.de\/en\/wp-json\/wp\/v2\/comments?post=2761"}],"version-history":[{"count":28,"href":"https:\/\/www.schloss-mespelbrunn.de\/en\/wp-json\/wp\/v2\/pages\/2761\/revisions"}],"predecessor-version":[{"id":3174,"href":"https:\/\/www.schloss-mespelbrunn.de\/en\/wp-json\/wp\/v2\/pages\/2761\/revisions\/3174"}],"wp:attachment":[{"href":"https:\/\/www.schloss-mespelbrunn.de\/en\/wp-json\/wp\/v2\/media?parent=2761"}],"curies":[{"name":"wp","href":"https:\/\/api.w.org\/{rel}","templated":true}]}}