{"id":2727,"date":"2023-03-13T12:19:03","date_gmt":"2023-03-13T11:19:03","guid":{"rendered":"http:\/\/dev.schlossmespelbrunn.de\/?page_id=2727"},"modified":"2024-05-24T15:38:45","modified_gmt":"2024-05-24T13:38:45","slug":"anfahrt","status":"publish","type":"page","link":"https:\/\/www.schloss-mespelbrunn.de\/en\/anfahrt\/","title":{"rendered":"Directions"},"content":{"rendered":"<p>[et_pb_section fb_built=&#8220;1&#8243; admin_label=&#8220;hero-sub&#8220; _builder_version=&#8220;4.20.2&#8243; _module_preset=&#8220;default&#8220; background_color=&#8220;#02432A&#8220; background_enable_image=&#8220;off&#8220; parallax=&#8220;on&#8220; custom_margin=&#8220;0px|0px|0px|0px|false|false&#8220; custom_padding=&#8220;0px|0px|0px|0px|false|false&#8220; custom_css_main_element=&#8220;||&#8220; box_shadow_style=&#8220;preset1&#8243; global_module=&#8220;2332&#8243; saved_tabs=&#8220;all&#8220; locked=&#8220;off&#8220; global_colors_info=&#8220;{}&#8220;][et_pb_row _builder_version=&#8220;4.20.2&#8243; _module_preset=&#8220;default&#8220; background_enable_color=&#8220;off&#8220; width=&#8220;100%&#8220; max_width=&#8220;100%&#8220; module_alignment=&#8220;center&#8220; custom_margin=&#8220;|0px||0px|false|false&#8220; custom_padding=&#8220;|0px||0px|false|false&#8220; global_colors_info=&#8220;{}&#8220;][et_pb_column type=&#8220;4_4&#8243; _builder_version=&#8220;4.19.5&#8243; _module_preset=&#8220;default&#8220; global_colors_info=&#8220;{}&#8220;][et_pb_text module_id=&#8220;hero-mespel-sub&#8220; _builder_version=&#8220;4.20.2&#8243; _module_preset=&#8220;default&#8220; text_text_color=&#8220;#EDD5B2&#8243; header_font=&#8220;almendra||||||||&#8220; header_text_align=&#8220;center&#8220; header_text_color=&#8220;#EDD5B2&#8243; custom_margin=&#8220;0px||0px||false|false&#8220; custom_padding=&#8220;0px||0px||false|false&#8220; global_colors_info=&#8220;{}&#8220;]<\/p>\n<h1>Schloss Mespelbrunn<\/h1>\n<p>[\/et_pb_text][et_pb_image src=&#8220;https:\/\/www.schloss-mespelbrunn.de\/wp-content\/uploads\/2023\/03\/wappen_out_out_small.png&#8220; title_text=&#8220;wappen_out_out_small&#8220; align=&#8220;center&#8220; _builder_version=&#8220;4.20.2&#8243; _module_preset=&#8220;default&#8220; module_alignment=&#8220;center&#8220; max_height=&#8220;100px&#8220; global_colors_info=&#8220;{}&#8220;][\/et_pb_image][\/et_pb_column][\/et_pb_row][\/et_pb_section][et_pb_section fb_built=&#8220;1&#8243; module_id=&#8220;pferdestall&#8220; _builder_version=&#8220;4.20.2&#8243; _module_preset=&#8220;default&#8220; background_color=&#8220;#02432A&#8220; background_enable_pattern_style=&#8220;on&#8220; background_pattern_style=&#8220;scallops&#8220; background_pattern_color=&#8220;rgba(0,0,0,0.04)&#8220; module_alignment=&#8220;center&#8220; min_height=&#8220;309.7px&#8220; custom_padding=&#8220;1px||66px|||&#8220; bottom_divider_color=&#8220;rgba(255,255,220,0)&#8220; bottom_divider_flip=&#8220;horizontal&#8220; scroll_horizontal_motion=&#8220;0|100|100|100|4|0|-4&#8243; scroll_blur=&#8220;17|25|74|81|10|0|0&#8243; motion_trigger_start=&#8220;top&#8220; global_colors_info=&#8220;{}&#8220;][et_pb_row _builder_version=&#8220;4.17.4&#8243; _module_preset=&#8220;default&#8220; global_colors_info=&#8220;{}&#8220;][et_pb_column type=&#8220;4_4&#8243; _builder_version=&#8220;4.17.4&#8243; _module_preset=&#8220;default&#8220; global_colors_info=&#8220;{}&#8220;][dsm_text_divider header=&#8220;Anfahrt&#8220; color=&#8220;#EDD5B2&#8243; _builder_version=&#8220;4.17.4&#8243; _module_preset=&#8220;default&#8220; header_text_color=&#8220;#FFFFFF&#8220; header_font_size=&#8220;35px&#8220; global_colors_info=&#8220;{}&#8220;][\/dsm_text_divider][et_pb_image src=&#8220;https:\/\/www.schloss-mespelbrunn.de\/wp-content\/uploads\/2023\/01\/Unbenannt.png&#8220; title_text=&#8220;Unbenannt&#8220; url=&#8220;https:\/\/goo.gl\/maps\/gHgs1AyAdfQoBYkY9&#8243; url_new_window=&#8220;on&#8220; align=&#8220;center&#8220; _builder_version=&#8220;4.20.2&#8243; _module_preset=&#8220;default&#8220; global_colors_info=&#8220;{}&#8220;][\/et_pb_image][et_pb_button button_url=&#8220;https:\/\/goo.gl\/maps\/gHgs1AyAdfQoBYkY9&#8243; url_new_window=&#8220;on&#8220; button_text=&#8220;Google Maps&#8220; button_alignment=&#8220;center&#8220; _builder_version=&#8220;4.20.2&#8243; _module_preset=&#8220;default&#8220; custom_button=&#8220;on&#8220; button_text_color=&#8220;#7c866b&#8220; button_border_color=&#8220;#f4e7d6&#8243; button_icon=&#8220;&#x3d;||divi||400&#8243; button_on_hover=&#8220;off&#8220; custom_margin=&#8220;||||false|false&#8220; custom_padding=&#8220;||||false|false&#8220; global_colors_info=&#8220;{}&#8220; button_text_color__hover_enabled=&#8220;on|hover&#8220; button_text_color__hover=&#8220;#EDD5B2&#8243;][\/et_pb_button][et_pb_text module_id=&#8220;info-text&#8220; _builder_version=&#8220;4.20.2&#8243; _module_preset=&#8220;default&#8220; text_text_color=&#8220;#FFFFFF&#8220; global_colors_info=&#8220;{}&#8220;]<\/p>\n<p style=\"text-align: left;\">Die Anfahrt von S\u00fcden erfolgt \u00fcber die Autobahn A3, Abfahrt Rohrbrunn.<br \/>Die Anfahrt von Norden erfolgt \u00fcber die Autobahn A3, Abfahrt Weibersbrunn.<br \/>An der B8 rechts abbiegen Richtung Aschaffenburg.<br \/>Am Ortseingang Mespelbrunn links abbiegen Richtung Schloss.<br \/>Nach gut 3 km durch Mespelbrunn auf H\u00f6he Hotel zum Engel links abbiegen in die Schlossallee.<br \/>Rechterhand kommt der Parkplatz.\u00a0<\/p>\n<p>[\/et_pb_text][et_pb_code _builder_version=&#8220;4.20.2&#8243; _module_preset=&#8220;default&#8220; global_colors_info=&#8220;{}&#8220;][\/et_pb_code][\/et_pb_column][\/et_pb_row][et_pb_row column_structure=&#8220;1_2,1_2&#8243; module_id=&#8220;parken&#8220; _builder_version=&#8220;4.20.2&#8243; _module_preset=&#8220;default&#8220; global_colors_info=&#8220;{}&#8220;][et_pb_column type=&#8220;1_2&#8243; _builder_version=&#8220;4.17.4&#8243; _module_preset=&#8220;default&#8220; global_colors_info=&#8220;{}&#8220;][dsm_text_divider header=&#8220;Parken&#8220; color=&#8220;#EDD5B2&#8243; _builder_version=&#8220;4.17.4&#8243; _module_preset=&#8220;default&#8220; header_text_color=&#8220;#FFFFFF&#8220; global_colors_info=&#8220;{}&#8220;][\/dsm_text_divider][et_pb_text module_id=&#8220;info-text&#8220; _builder_version=&#8220;4.21.0&#8243; _module_preset=&#8220;default&#8220; text_text_color=&#8220;#FFFFFF&#8220; global_colors_info=&#8220;{}&#8220;]<\/p>\n<p>Der Parkplatz <span style=\"color: #ffcc99;\"><strong>schliesst um 18.00<\/strong><\/span> Uhr.<br \/><span style=\"color: #ffcc99;\"> Im Schloss gibt es leider keine Toiletten<\/span>, auf dem Parkplatz stehen Ihnen von Ende M\u00e4rz bis Anfang November Toiletten zur Verf\u00fcgung.<br \/><span style=\"color: #ffcc99;\"><strong>Campen ist nicht gestattet.<\/strong><\/span><br \/>Campingpl\u00e4tze in der N\u00e4he k\u00f6nnen Sie unter<br \/>Tel.<strong> 06092-1515<\/strong> im Tourismusb\u00fcro erfragen.<\/p>\n<p>[\/et_pb_text][\/et_pb_column][et_pb_column type=&#8220;1_2&#8243; _builder_version=&#8220;4.17.4&#8243; _module_preset=&#8220;default&#8220; global_colors_info=&#8220;{}&#8220;][dsm_text_divider header=&#8220;Preise&#8220; color=&#8220;#EDD5B2&#8243; _builder_version=&#8220;4.17.4&#8243; _module_preset=&#8220;default&#8220; header_text_color=&#8220;#FFFFFF&#8220; global_colors_info=&#8220;{}&#8220;][\/dsm_text_divider][et_pb_text module_id=&#8220;info-text&#8220; _builder_version=&#8220;4.24.2&#8243; _module_preset=&#8220;default&#8220; text_text_color=&#8220;#FFFFFF&#8220; hover_enabled=&#8220;0&#8243; global_colors_info=&#8220;{}&#8220; sticky_enabled=&#8220;0&#8243;]<\/p>\n<table border=\"1\" style=\"border-collapse: collapse; width: 100%;\">\n<tbody>\n<tr>\n<td style=\"width: 50%;\">PKW<\/td>\n<td style=\"width: 50%;\">3 \u20ac<\/td>\n<\/tr>\n<tr>\n<td style=\"width: 50%;\">Busse , PKW mit Anh\u00e4nger \/Fahrr\u00e4der auf dem Dach \/ Wohnmobile<\/td>\n<td style=\"width: 50%;\">5 \u20ac<\/td>\n<\/tr>\n<\/tbody>\n<\/table>\n<p><span style=\"color: #ffcc99;\">Bitte passend bezahlen, der Kassenautomat wechselt nicht und nimmt nur M\u00fcnzgeld an.<\/span><\/p>\n<p>[\/et_pb_text][\/et_pb_column][\/et_pb_row][\/et_pb_section]<\/p>\n","protected":false},"excerpt":{"rendered":"<p>Schloss Mespelbrunn<div class=\"et_pb_module dsm_text_divider dsm_text_divider_0\">\n\t\t\t\t\n\t\t\t\t\n\t\t\t\t\n\t\t\t\t\n\t\t\t\t\n\t\t\t\t\n\t\t\t\t<div class=\"et_pb_module_inner\">\n\t\t\t\t\t<div class=\"dsm-text-divider-wrapper dsm-text-divider-align-center et_pb_bg_layout_light\">\n\t\t\t\t\n\t\t\t\t\n\t\t\t\t<div class=\"dsm-text-divider-before dsm-divider\"><\/div>\n\t\t\t\t<h3 class=\"dsm-text-divider-header et_pb_module_header\"><span>Anfahrt<\/span><\/h3>\n\t\t\t\t<div class=\"dsm-text-divider-after dsm-divider\"><\/div>\n\t\t\t<\/div>\n\t\t\t\t<\/div>\n\t\t\t<\/div>Die Anfahrt von S\u00fcden erfolgt \u00fcber die Autobahn A3, Abfahrt Rohrbrunn.Die Anfahrt von Norden erfolgt \u00fcber die Autobahn A3, Abfahrt Weibersbrunn.An der B8 rechts abbiegen Richtung Aschaffenburg.Am Ortseingang Mespelbrunn links abbiegen Richtung Schloss.Nach gut 3 km durch Mespelbrunn auf H\u00f6he Hotel zum Engel links abbiegen in die [&hellip;]<\/p>\n","protected":false},"author":1,"featured_media":0,"parent":0,"menu_order":0,"comment_status":"closed","ping_status":"closed","template":"","meta":{"_et_pb_use_builder":"on","_et_pb_old_content":"","_et_gb_content_width":"","footnotes":""},"class_list":["post-2727","page","type-page","status-publish","hentry"],"_links":{"self":[{"href":"https:\/\/www.schloss-mespelbrunn.de\/en\/wp-json\/wp\/v2\/pages\/2727","targetHints":{"allow":["GET"]}}],"collection":[{"href":"https:\/\/www.schloss-mespelbrunn.de\/en\/wp-json\/wp\/v2\/pages"}],"about":[{"href":"https:\/\/www.schloss-mespelbrunn.de\/en\/wp-json\/wp\/v2\/types\/page"}],"author":[{"embeddable":true,"href":"https:\/\/www.schloss-mespelbrunn.de\/en\/wp-json\/wp\/v2\/users\/1"}],"replies":[{"embeddable":true,"href":"https:\/\/www.schloss-mespelbrunn.de\/en\/wp-json\/wp\/v2\/comments?post=2727"}],"version-history":[{"count":23,"href":"https:\/\/www.schloss-mespelbrunn.de\/en\/wp-json\/wp\/v2\/pages\/2727\/revisions"}],"predecessor-version":[{"id":3218,"href":"https:\/\/www.schloss-mespelbrunn.de\/en\/wp-json\/wp\/v2\/pages\/2727\/revisions\/3218"}],"wp:attachment":[{"href":"https:\/\/www.schloss-mespelbrunn.de\/en\/wp-json\/wp\/v2\/media?parent=2727"}],"curies":[{"name":"wp","href":"https:\/\/api.w.org\/{rel}","templated":true}]}}