{"id":2138,"date":"2023-02-14T19:26:40","date_gmt":"2023-02-14T18:26:40","guid":{"rendered":"http:\/\/dev.schlossmespelbrunn.de\/?page_id=2138"},"modified":"2026-03-23T11:08:02","modified_gmt":"2026-03-23T10:08:02","slug":"fuehrungen","status":"publish","type":"page","link":"https:\/\/www.schloss-mespelbrunn.de\/en\/fuehrungen\/","title":{"rendered":"Guided tours"},"content":{"rendered":"<p>[et_pb_section fb_built=&#8220;1&#8243; admin_label=&#8220;hero-sub&#8220; _builder_version=&#8220;4.20.2&#8243; _module_preset=&#8220;default&#8220; background_color=&#8220;#02432A&#8220; background_enable_image=&#8220;off&#8220; parallax=&#8220;on&#8220; custom_margin=&#8220;0px|0px|0px|0px|false|false&#8220; custom_padding=&#8220;0px|0px|0px|0px|false|false&#8220; custom_css_main_element=&#8220;||&#8220; box_shadow_style=&#8220;preset1&#8243; global_module=&#8220;2332&#8243; saved_tabs=&#8220;all&#8220; locked=&#8220;off&#8220; global_colors_info=&#8220;{}&#8220;][et_pb_row _builder_version=&#8220;4.20.2&#8243; _module_preset=&#8220;default&#8220; background_enable_color=&#8220;off&#8220; width=&#8220;100%&#8220; max_width=&#8220;100%&#8220; module_alignment=&#8220;center&#8220; custom_margin=&#8220;|0px||0px|false|false&#8220; custom_padding=&#8220;|0px||0px|false|false&#8220; global_colors_info=&#8220;{}&#8220;][et_pb_column type=&#8220;4_4&#8243; _builder_version=&#8220;4.19.5&#8243; _module_preset=&#8220;default&#8220; global_colors_info=&#8220;{}&#8220;][et_pb_text module_id=&#8220;hero-mespel-sub&#8220; _builder_version=&#8220;4.20.2&#8243; _module_preset=&#8220;default&#8220; text_text_color=&#8220;#EDD5B2&#8243; header_font=&#8220;almendra||||||||&#8220; header_text_align=&#8220;center&#8220; header_text_color=&#8220;#EDD5B2&#8243; custom_margin=&#8220;0px||0px||false|false&#8220; custom_padding=&#8220;0px||0px||false|false&#8220; global_colors_info=&#8220;{}&#8220;]<\/p>\n<h1>Schloss Mespelbrunn<\/h1>\n<p>[\/et_pb_text][et_pb_image src=&#8220;https:\/\/www.schloss-mespelbrunn.de\/wp-content\/uploads\/2023\/03\/wappen_out_out_small.png&#8220; title_text=&#8220;wappen_out_out_small&#8220; align=&#8220;center&#8220; _builder_version=&#8220;4.20.2&#8243; _module_preset=&#8220;default&#8220; module_alignment=&#8220;center&#8220; max_height=&#8220;100px&#8220; global_colors_info=&#8220;{}&#8220;][\/et_pb_image][\/et_pb_column][\/et_pb_row][\/et_pb_section][et_pb_section fb_built=&#8220;1&#8243; module_id=&#8220;pferdestall&#8220; _builder_version=&#8220;4.20.2&#8243; _module_preset=&#8220;default&#8220; background_color=&#8220;#02432A&#8220; background_enable_pattern_style=&#8220;on&#8220; background_pattern_style=&#8220;scallops&#8220; background_pattern_color=&#8220;rgba(0,0,0,0.04)&#8220; module_alignment=&#8220;center&#8220; min_height=&#8220;309.7px&#8220; custom_padding=&#8220;1px||69px|||&#8220; bottom_divider_color=&#8220;rgba(255,255,220,0)&#8220; bottom_divider_flip=&#8220;horizontal&#8220; scroll_horizontal_motion=&#8220;0|100|100|100|4|0|-4&#8243; scroll_blur=&#8220;17|25|74|81|10|0|0&#8243; motion_trigger_start=&#8220;top&#8220; global_colors_info=&#8220;{}&#8220;][et_pb_row _builder_version=&#8220;4.20.0&#8243; _module_preset=&#8220;default&#8220; global_colors_info=&#8220;{}&#8220;][et_pb_column type=&#8220;4_4&#8243; _builder_version=&#8220;4.20.0&#8243; _module_preset=&#8220;default&#8220; global_colors_info=&#8220;{}&#8220;][dsm_text_divider header=&#8220;F\u00fchrungen&#8220; color=&#8220;#EDD5B2&#8243; _builder_version=&#8220;4.20.2&#8243; _module_preset=&#8220;default&#8220; header_font=&#8220;|600|||||||&#8220; header_text_color=&#8220;#FFFFFF&#8220; header_font_size=&#8220;32px&#8220; custom_margin=&#8220;||54px|||&#8220; global_colors_info=&#8220;{}&#8220;][\/dsm_text_divider][et_pb_text module_id=&#8220;info-text&#8220; _builder_version=&#8220;4.27.3&#8243; _module_preset=&#8220;default&#8220; text_text_color=&#8220;#FFFFFF&#8220; custom_margin=&#8220;||20px|||&#8220; global_colors_info=&#8220;{}&#8220;]<\/p>\n<p style=\"text-align: center;\">Schloss Mespelbrunn wird von der Erbauerfamilie bewohnt. Bitte respektieren Sie unsere Privatsph\u00e4re und folgen Sie den Anweisungen unserer Schlossf\u00fchrer. Danke!<\/p>\n<p style=\"text-align: center;\">\n<p style=\"text-align: center;\">\n<h2><strong><span style=\"color: #a33939;\">Das Schloss ist von Samstag, 28. M\u00e4rz bis einschlie\u00dflich Sonntag, <\/span><\/strong><strong><span style=\"color: #a33939;\">09. November 2026 ge\u00f6ffnet.<\/span><\/strong><\/h2>\n<h2><strong><span style=\"color: #a33939;\">Winterpause: ab 10. November. <\/span><\/strong><\/h2>\n<h2><strong><span style=\"color: #a33939;\"><\/span><\/strong><\/h2>\n<h2><strong><span style=\"color: #a33939;\">The castle will be open from march 28th until november 09th 2026.<\/span><\/strong><\/h2>\n<h3><span style=\"color: #a01b1b;\"><strong><\/strong><\/span><\/h3>\n<p>[\/et_pb_text][\/et_pb_column][\/et_pb_row][et_pb_row _builder_version=&#8220;4.17.4&#8243; _module_preset=&#8220;default&#8220; global_colors_info=&#8220;{}&#8220;][et_pb_column type=&#8220;4_4&#8243; _builder_version=&#8220;4.17.4&#8243; _module_preset=&#8220;default&#8220; global_colors_info=&#8220;{}&#8220;][dsm_text_divider header=&#8220;Preise&#8220; color=&#8220;#EDD5B2&#8243; _builder_version=&#8220;4.17.4&#8243; _module_preset=&#8220;default&#8220; header_text_color=&#8220;#FFFFFF&#8220; global_colors_info=&#8220;{}&#8220;][\/dsm_text_divider][et_pb_text module_id=&#8220;info-text&#8220; _builder_version=&#8220;4.21.0&#8243; _module_preset=&#8220;default&#8220; text_text_color=&#8220;#FFFFFF&#8220; module_alignment=&#8220;left&#8220; min_height=&#8220;267.6px&#8220; custom_margin=&#8220;||4px|||&#8220; global_colors_info=&#8220;{}&#8220;]<\/p>\n<p>Preise inkl. F\u00fchrung.<\/p>\n<table style=\"border-collapse: collapse; width: 100%;\" border=\"1\">\n<tbody>\n<tr>\n<td style=\"width: 50%;\"><strong>Erwachsene:<\/strong><\/td>\n<td style=\"width: 50%;\">7,00\u20ac<\/td>\n<\/tr>\n<tr>\n<td style=\"width: 50%;\"><strong>Gruppen ab 20 Pers.:<\/strong><\/td>\n<td style=\"width: 50%;\">6,50\u20ac p.P.<\/td>\n<\/tr>\n<tr>\n<td style=\"width: 50%;\"><strong>Sch\u00fcler,Studenten,<\/strong><br \/><strong>Rollstuhlfahrer:<\/strong><\/td>\n<td style=\"width: 50%;\">3,50\u20ac<\/td>\n<\/tr>\n<tr>\n<td style=\"width: 50%;\"><strong>Kinder unter 6 Jahren:<\/strong><\/td>\n<td style=\"width: 50%;\">Frei<\/td>\n<\/tr>\n<tr>\n<td style=\"width: 50%;\"><strong>Schulklassen bis 25 Kinden (inkl. 2 Betreuer):<\/strong><\/td>\n<td style=\"width: 50%;\">90\u20ac<\/td>\n<\/tr>\n<\/tbody>\n<\/table>\n<p><span style=\"color: #ffcc99;\">F\u00fchrungen finden alle 30-40 Minuten statt.\u00a0\u00a0<\/span><br \/><span style=\"color: #ffcc99;\">Gruppen \u00fcber 20 Personen werden aufgeteilt.<\/span><\/p>\n<p>[\/et_pb_text][dsm_text_divider header=&#8220;F\u00fchrungszeiten&#8220; color=&#8220;#EDD5B2&#8243; _builder_version=&#8220;4.20.4&#8243; _module_preset=&#8220;default&#8220; header_text_color=&#8220;#FFFFFF&#8220; global_colors_info=&#8220;{}&#8220;][\/dsm_text_divider][et_pb_text module_id=&#8220;info-text&#8220; _builder_version=&#8220;4.20.4&#8243; _module_preset=&#8220;default&#8220; text_text_color=&#8220;#FFFFFF&#8220; global_colors_info=&#8220;{}&#8220;]<\/p>\n<p>Ab\u00a0<br \/><strong>Fr\u00fchjahr 2026<\/strong><br \/>ge\u00f6ffnet von<br \/><strong>09:30Uhr bis 17:00Uhr.<\/strong><br \/>Letzter Einlass gegen 16.30Uhr. Keine Kartenzahlung m\u00f6glich.\u00a0<\/p>\n<p>[\/et_pb_text][\/et_pb_column][\/et_pb_row][et_pb_row _builder_version=&#8220;4.17.4&#8243; _module_preset=&#8220;default&#8220; custom_padding=&#8220;||29px|||&#8220; global_colors_info=&#8220;{}&#8220;][et_pb_column type=&#8220;4_4&#8243; _builder_version=&#8220;4.17.4&#8243; _module_preset=&#8220;default&#8220; global_colors_info=&#8220;{}&#8220;][dsm_text_divider header=&#8220;Infos&#8220; color=&#8220;#EDD5B2&#8243; _builder_version=&#8220;4.20.2&#8243; _module_preset=&#8220;default&#8220; header_text_color=&#8220;#FFFFFF&#8220; global_colors_info=&#8220;{}&#8220;][\/dsm_text_divider][et_pb_accordion _builder_version=&#8220;4.21.0&#8243; _module_preset=&#8220;default&#8220; global_colors_info=&#8220;{}&#8220;][et_pb_accordion_item title=&#8220;Wie lange dauert eine F\u00fchrung?&#8220; open=&#8220;on&#8220; icon_color=&#8220;#000000&#8243; toggle_icon=&#8220;&#x47;||divi||400&#8243; use_icon_font_size=&#8220;on&#8220; icon_font_size=&#8220;20px&#8220; _builder_version=&#8220;4.21.0&#8243; _module_preset=&#8220;default&#8220; body_text_color=&#8220;#000000&#8243; body_font_size=&#8220;18px&#8220; global_colors_info=&#8220;{}&#8220;]<\/p>\n<p><span>Die F\u00fchrung dauert ca. 35-40 Minuten. Die letzte F\u00fchrung startet ca. 16.20 Uhr.<\/span><\/p>\n<p>[\/et_pb_accordion_item][et_pb_accordion_item title=&#8220;Wann ist der Besuch besonders empfehlenswert?&#8220; icon_color=&#8220;#000000&#8243; toggle_icon=&#8220;&#x47;||divi||400&#8243; use_icon_font_size=&#8220;on&#8220; icon_font_size=&#8220;20px&#8220; _builder_version=&#8220;4.17.4&#8243; _module_preset=&#8220;default&#8220; body_text_color=&#8220;#000000&#8243; body_font_size=&#8220;18px&#8220; global_colors_info=&#8220;{}&#8220; open=&#8220;off&#8220;]<\/p>\n<p><span>Wenn Sie die M\u00f6glichkeit dazu haben, dann kommen Sie unter der Woche.<\/span><\/p>\n<p>[\/et_pb_accordion_item][et_pb_accordion_item title=&#8220;Kann ich mich nach der F\u00fchrung noch l\u00e4nger auf dem Schlossgel\u00e4nde aufhalten?&#8220; icon_color=&#8220;#000000&#8243; toggle_icon=&#8220;&#x47;||divi||400&#8243; use_icon_font_size=&#8220;on&#8220; icon_font_size=&#8220;20px&#8220; _builder_version=&#8220;4.20.2&#8243; _module_preset=&#8220;default&#8220; body_text_color=&#8220;#000000&#8243; body_font_size=&#8220;18px&#8220; global_colors_info=&#8220;{}&#8220; open=&#8220;off&#8220;]<\/p>\n<p><span>Nach der F\u00fchrung gibt es die M\u00f6glichkeit noch in den Biergarten des Schlosscaf\u00e9s einzukehren. Ein selbst\u00e4ndiger Aufenthalt auf dem Gel\u00e4nde au\u00dferhalb der F\u00fchrung ist nicht m\u00f6glich.<\/span><\/p>\n<p>[\/et_pb_accordion_item][et_pb_accordion_item title=&#8220;Wie viele F\u00fchrungen gibt es in der Stunde?&#8220; icon_color=&#8220;#000000&#8243; toggle_icon=&#8220;&#x47;||divi||400&#8243; use_icon_font_size=&#8220;on&#8220; icon_font_size=&#8220;20px&#8220; _builder_version=&#8220;4.17.4&#8243; _module_preset=&#8220;default&#8220; body_text_color=&#8220;#000000&#8243; body_font_size=&#8220;18px&#8220; global_colors_info=&#8220;{}&#8220; open=&#8220;off&#8220;]<\/p>\n<p><span>Unter der Woche k\u00f6nnen wir in der Stunde 2 F\u00fchrungen anbieten, am Wochenende 3-4 F\u00fchrungen pro Stunde.<\/span><\/p>\n<p>[\/et_pb_accordion_item][et_pb_accordion_item title=&#8220;Eignet sich die F\u00fchrung auch f\u00fcr Kinder?&#8220; icon_color=&#8220;#000000&#8243; toggle_icon=&#8220;&#x47;||divi||400&#8243; use_icon_font_size=&#8220;on&#8220; icon_font_size=&#8220;20px&#8220; _builder_version=&#8220;4.20.2&#8243; _module_preset=&#8220;default&#8220; body_text_color=&#8220;#000000&#8243; body_font_size=&#8220;18px&#8220; global_colors_info=&#8220;{}&#8220; open=&#8220;off&#8220;]<\/p>\n<p><span>Ja, nat\u00fcrlich. Bitte achten Sie aber sehr gut auf Ihre Kinder (das Schloss steht im Wasser)\u00a0und nehmen Sie sie an der Hand \/ auf den Arm.\u00a0<\/span><\/p>\n<p>[\/et_pb_accordion_item][et_pb_accordion_item title=&#8220;Darf man dem Schlossf\u00fchrer ein Trinkgeld geben?&#8220; icon_color=&#8220;#000000&#8243; toggle_icon=&#8220;&#x47;||divi||400&#8243; use_icon_font_size=&#8220;on&#8220; icon_font_size=&#8220;20px&#8220; _builder_version=&#8220;4.17.4&#8243; _module_preset=&#8220;default&#8220; body_text_color=&#8220;#000000&#8243; body_font_size=&#8220;18px&#8220; global_colors_info=&#8220;{}&#8220; open=&#8220;off&#8220;]<\/p>\n<p><span>Nat\u00fcrlich freuen sich alle \u00fcber eine Geste der Wertsch\u00e4tzung. Bitte geben Sie Trinkgeld in das Gef\u00e4\u00df, das am Ausgang steht und nicht direkt in die Hand. Vielen Dank!<\/span><\/p>\n<p>[\/et_pb_accordion_item][et_pb_accordion_item title=&#8220;Was machen wir w\u00e4hrend der F\u00fchrung mit unserem Hund?&#8220; icon_color=&#8220;#000000&#8243; toggle_icon=&#8220;&#x47;||divi||400&#8243; use_icon_font_size=&#8220;on&#8220; icon_font_size=&#8220;20px&#8220; _builder_version=&#8220;4.17.4&#8243; _module_preset=&#8220;default&#8220; body_text_color=&#8220;#000000&#8243; body_font_size=&#8220;18px&#8220; global_colors_info=&#8220;{}&#8220; open=&#8220;off&#8220;]<\/p>\n<p><span>Hunde k\u00f6nnen leider an der F\u00fchrung nicht teilnehmen. Sie k\u00f6nnen den Hund gerne in der N\u00e4he der Kasse an der DOG-Station anleinen. Wir stellen ein Wassergef\u00e4\u00df zur Verf\u00fcgung.<\/span><\/p>\n<p><span><\/span><\/p>\n<p>[\/et_pb_accordion_item][\/et_pb_accordion][\/et_pb_column][\/et_pb_row][\/et_pb_section]<\/p>\n","protected":false},"excerpt":{"rendered":"<p>Schloss Mespelbrunn<div class=\"et_pb_module dsm_text_divider dsm_text_divider_0\">\n\t\t\t\t\n\t\t\t\t\n\t\t\t\t\n\t\t\t\t\n\t\t\t\t\n\t\t\t\t\n\t\t\t\t<div class=\"et_pb_module_inner\">\n\t\t\t\t\t<div class=\"dsm-text-divider-wrapper dsm-text-divider-align-center et_pb_bg_layout_light\">\n\t\t\t\t\n\t\t\t\t\n\t\t\t\t<div class=\"dsm-text-divider-before dsm-divider\"><\/div>\n\t\t\t\t<h3 class=\"dsm-text-divider-header et_pb_module_header\"><span>F\u00fchrungen<\/span><\/h3>\n\t\t\t\t<div class=\"dsm-text-divider-after dsm-divider\"><\/div>\n\t\t\t<\/div>\n\t\t\t\t<\/div>\n\t\t\t<\/div>Schloss Mespelbrunn wird von der Erbauerfamilie bewohnt. Bitte respektieren Sie unsere Privatsph\u00e4re und folgen Sie den Anweisungen unserer Schlossf\u00fchrer. Danke! Das Schloss ist von Samstag, 28. M\u00e4rz bis einschlie\u00dflich Sonntag, 09. November 2026 ge\u00f6ffnet. Winterpause: ab 10. November. The castle will be open from march [&hellip;]<\/p>\n","protected":false},"author":1,"featured_media":0,"parent":0,"menu_order":0,"comment_status":"closed","ping_status":"closed","template":"","meta":{"_et_pb_use_builder":"on","_et_pb_old_content":"","_et_gb_content_width":"","footnotes":""},"class_list":["post-2138","page","type-page","status-publish","hentry"],"_links":{"self":[{"href":"https:\/\/www.schloss-mespelbrunn.de\/en\/wp-json\/wp\/v2\/pages\/2138","targetHints":{"allow":["GET"]}}],"collection":[{"href":"https:\/\/www.schloss-mespelbrunn.de\/en\/wp-json\/wp\/v2\/pages"}],"about":[{"href":"https:\/\/www.schloss-mespelbrunn.de\/en\/wp-json\/wp\/v2\/types\/page"}],"author":[{"embeddable":true,"href":"https:\/\/www.schloss-mespelbrunn.de\/en\/wp-json\/wp\/v2\/users\/1"}],"replies":[{"embeddable":true,"href":"https:\/\/www.schloss-mespelbrunn.de\/en\/wp-json\/wp\/v2\/comments?post=2138"}],"version-history":[{"count":40,"href":"https:\/\/www.schloss-mespelbrunn.de\/en\/wp-json\/wp\/v2\/pages\/2138\/revisions"}],"predecessor-version":[{"id":3265,"href":"https:\/\/www.schloss-mespelbrunn.de\/en\/wp-json\/wp\/v2\/pages\/2138\/revisions\/3265"}],"wp:attachment":[{"href":"https:\/\/www.schloss-mespelbrunn.de\/en\/wp-json\/wp\/v2\/media?parent=2138"}],"curies":[{"name":"wp","href":"https:\/\/api.w.org\/{rel}","templated":true}]}}